{"id":36,"date":"2016-09-05T09:34:22","date_gmt":"2016-09-05T09:34:22","guid":{"rendered":"http:\/\/td_uid_1_57cd3c1eaeb58"},"modified":"2018-10-03T13:25:50","modified_gmt":"2018-10-03T13:25:50","slug":"home","status":"publish","type":"page","link":"https:\/\/guneydoguasyacalismalari.com\/tr_tr\/","title":{"rendered":"Home"},"content":{"rendered":"<div class=\"td_block_wrap td_block_big_grid_1 td_uid_1_69e1b89be98c4_rand td-grid-style-1 td-hover-1 td-pb-border-top\"  data-td-block-uid=\"td_uid_1_69e1b89be98c4\" ><div id=td_uid_1_69e1b89be98c4 class=\"td_block_inner\"><div class=\"td-big-grid-wrapper\">\r\n        <div class=\"td_module_mx5 td-animation-stack td-big-grid-post-0 td-big-grid-post td-big-thumb\">\r\n            <div class=\"td-module-thumb\"><a href=\"https:\/\/guneydoguasyacalismalari.com\/tr_tr\/macaristan-demokrasi-ve-yenilenme-hungary-democracy-and-renewal\/\" rel=\"bookmark\" title=\"Macaristan, demokrasi ve yenilenme \/ Hungary, democracy and renewal\"><img loading=\"lazy\" decoding=\"async\" width=\"275\" height=\"183\" class=\"entry-thumb\" src=\"https:\/\/guneydoguasyacalismalari.com\/wp-content\/uploads\/2026\/04\/hunjary.jpg\" srcset=\"https:\/\/guneydoguasyacalismalari.com\/wp-content\/uploads\/2026\/04\/hunjary.jpg 275w, https:\/\/guneydoguasyacalismalari.com\/wp-content\/uploads\/2026\/04\/hunjary-18x12.jpg 18w\" sizes=\"auto, (max-width: 275px) 100vw, 275px\" alt=\"European Parliament\" title=\"Macaristan, demokrasi ve yenilenme \/ Hungary, democracy and renewal\"\/><\/a><\/div>            <div class=\"td-meta-info-container\">\r\n                <div class=\"td-meta-align\">\r\n                    <div class=\"td-big-grid-meta\">\r\n                        <a href=\"https:\/\/guneydoguasyacalismalari.com\/tr_tr\/category\/gunluk-yazilar\/asya-pasifik\/\" class=\"td-post-category\">ASYA-PAS\u0130F\u0130K<\/a>                        <h3 class=\"entry-title td-module-title\"><a href=\"https:\/\/guneydoguasyacalismalari.com\/tr_tr\/macaristan-demokrasi-ve-yenilenme-hungary-democracy-and-renewal\/\" rel=\"bookmark\" title=\"Macaristan, demokrasi ve yenilenme \/ Hungary, democracy and renewal\">Macaristan, demokrasi ve yenilenme \/ Hungary, democracy and renewal<\/a><\/h3>                    <\/div>\r\n                    <div class=\"td-module-meta-info\">\r\n                        <span class=\"td-post-author-name\"><a href=\"https:\/\/guneydoguasyacalismalari.com\/tr_tr\/author\/mehmet_ozay\/\">Mehmet Ozay<\/a> <span>-<\/span> <\/span>                        <span class=\"td-post-date\"><time class=\"entry-date updated td-module-date\" datetime=\"2026-04-15T15:26:04+00:00\" >Nisan 15, 2026<\/time><\/span>                    <\/div>\r\n                <\/div>\r\n            <\/div>\r\n\r\n        <\/div>\r\n\r\n        <div class=\"td-big-grid-scroll\">\r\n        <div class=\"td_module_mx6 td-animation-stack td-big-grid-post-1 td-big-grid-post td-small-thumb\">\r\n            <div class=\"td-module-thumb\"><a href=\"https:\/\/guneydoguasyacalismalari.com\/tr_tr\/macaristan-secimleri-demokrasiye-donus-hungarian-elections-a-return-to-democracy\/\" rel=\"bookmark\" title=\"Macaristan se\u00e7imleri: Demokrasi\u2019ye d\u00f6n\u00fc\u015f \/ Hungarian elections: A return to democracy\"><img loading=\"lazy\" decoding=\"async\" width=\"265\" height=\"183\" class=\"entry-thumb\" src=\"https:\/\/guneydoguasyacalismalari.com\/wp-content\/uploads\/2026\/04\/hungary.jgp_-265x183.jpg\" srcset=\"https:\/\/guneydoguasyacalismalari.com\/wp-content\/uploads\/2026\/04\/hungary.jgp_-265x183.jpg 265w, https:\/\/guneydoguasyacalismalari.com\/wp-content\/uploads\/2026\/04\/hungary.jgp_-18x12.jpg 18w, https:\/\/guneydoguasyacalismalari.com\/wp-content\/uploads\/2026\/04\/hungary.jgp_-100x70.jpg 100w, https:\/\/guneydoguasyacalismalari.com\/wp-content\/uploads\/2026\/04\/hungary.jgp_-218x150.jpg 218w\" sizes=\"auto, (max-width: 265px) 100vw, 265px\" alt=\"CEPA\" title=\"Macaristan se\u00e7imleri: Demokrasi\u2019ye d\u00f6n\u00fc\u015f \/ Hungarian elections: A return to democracy\"\/><\/a><\/div>            <div class=\"td-meta-info-container\">\r\n                <div class=\"td-meta-align\">\r\n                    <div class=\"td-big-grid-meta\">\r\n                        <a href=\"https:\/\/guneydoguasyacalismalari.com\/tr_tr\/category\/gunluk-yazilar\/asya-pasifik\/\" class=\"td-post-category\">ASYA-PAS\u0130F\u0130K<\/a>                        <h3 class=\"entry-title td-module-title\"><a href=\"https:\/\/guneydoguasyacalismalari.com\/tr_tr\/macaristan-secimleri-demokrasiye-donus-hungarian-elections-a-return-to-democracy\/\" rel=\"bookmark\" title=\"Macaristan se\u00e7imleri: Demokrasi\u2019ye d\u00f6n\u00fc\u015f \/ Hungarian elections: A return to democracy\">Macaristan se\u00e7imleri: Demokrasi\u2019ye d\u00f6n\u00fc\u015f \/ Hungarian elections: A return to democracy<\/a><\/h3>                    <\/div>\r\n                <\/div>\r\n            <\/div>\r\n\r\n        <\/div>\r\n\r\n\r\n        \r\n        <div class=\"td_module_mx6 td-animation-stack td-big-grid-post-2 td-big-grid-post td-small-thumb\">\r\n            <div class=\"td-module-thumb\"><a href=\"https:\/\/guneydoguasyacalismalari.com\/tr_tr\/musluman-toplumlarin-hallerine-dair-somurge-modernlesmesi-on-the-condition-of-muslim-societies-colonial-modernization\/\" rel=\"bookmark\" title=\"M\u00fcsl\u00fcman toplumlar\u0131n hallerine dair: s\u00f6m\u00fcrge modernle\u015fmesi \/ On the condition of Muslim societies: colonial modernization\"><img loading=\"lazy\" decoding=\"async\" width=\"265\" height=\"198\" class=\"entry-thumb\" src=\"https:\/\/guneydoguasyacalismalari.com\/wp-content\/uploads\/2026\/04\/FE4050X970-1048-265x198.jpg\" srcset=\"https:\/\/guneydoguasyacalismalari.com\/wp-content\/uploads\/2026\/04\/FE4050X970-1048-265x198.jpg 265w, https:\/\/guneydoguasyacalismalari.com\/wp-content\/uploads\/2026\/04\/FE4050X970-1048-300x225.jpg 300w, https:\/\/guneydoguasyacalismalari.com\/wp-content\/uploads\/2026\/04\/FE4050X970-1048-16x12.jpg 16w, https:\/\/guneydoguasyacalismalari.com\/wp-content\/uploads\/2026\/04\/FE4050X970-1048-80x60.jpg 80w, https:\/\/guneydoguasyacalismalari.com\/wp-content\/uploads\/2026\/04\/FE4050X970-1048-560x420.jpg 560w, https:\/\/guneydoguasyacalismalari.com\/wp-content\/uploads\/2026\/04\/FE4050X970-1048.jpg 640w\" sizes=\"auto, (max-width: 265px) 100vw, 265px\" alt=\"\" title=\"M\u00fcsl\u00fcman toplumlar\u0131n hallerine dair: s\u00f6m\u00fcrge modernle\u015fmesi \/ On the condition of Muslim societies: colonial modernization\"\/><\/a><\/div>            <div class=\"td-meta-info-container\">\r\n                <div class=\"td-meta-align\">\r\n                    <div class=\"td-big-grid-meta\">\r\n                        <a href=\"https:\/\/guneydoguasyacalismalari.com\/tr_tr\/category\/gunluk-yazilar\/\" class=\"td-post-category\">G\u00dcNL\u00dcK YAZILAR<\/a>                        <h3 class=\"entry-title td-module-title\"><a href=\"https:\/\/guneydoguasyacalismalari.com\/tr_tr\/musluman-toplumlarin-hallerine-dair-somurge-modernlesmesi-on-the-condition-of-muslim-societies-colonial-modernization\/\" rel=\"bookmark\" title=\"M\u00fcsl\u00fcman toplumlar\u0131n hallerine dair: s\u00f6m\u00fcrge modernle\u015fmesi \/ On the condition of Muslim societies: colonial modernization\">M\u00fcsl\u00fcman toplumlar\u0131n hallerine dair: s\u00f6m\u00fcrge modernle\u015fmesi \/ On the condition of Muslim societies: colonial modernization<\/a><\/h3>                    <\/div>\r\n                <\/div>\r\n            <\/div>\r\n\r\n        <\/div>\r\n\r\n\r\n        \r\n        <div class=\"td_module_mx6 td-animation-stack td-big-grid-post-3 td-big-grid-post td-small-thumb\">\r\n            <div class=\"td-module-thumb\"><a href=\"https:\/\/guneydoguasyacalismalari.com\/tr_tr\/musluman-toplumlar-ve-karakter-egitimi-muslim-societies-and-character-education\/\" rel=\"bookmark\" title=\"M\u00fcsl\u00fcman toplumlar ve \u2018karakter e\u011fitimi\u2019 \/ Muslim societies and \u2018character education\u2019\"><img loading=\"lazy\" decoding=\"async\" width=\"265\" height=\"198\" class=\"entry-thumb\" src=\"https:\/\/guneydoguasyacalismalari.com\/wp-content\/uploads\/2026\/04\/20240726_095228-265x198.jpg\" srcset=\"https:\/\/guneydoguasyacalismalari.com\/wp-content\/uploads\/2026\/04\/20240726_095228-265x198.jpg 265w, https:\/\/guneydoguasyacalismalari.com\/wp-content\/uploads\/2026\/04\/20240726_095228-80x60.jpg 80w\" sizes=\"auto, (max-width: 265px) 100vw, 265px\" alt=\"\" title=\"M\u00fcsl\u00fcman toplumlar ve \u2018karakter e\u011fitimi\u2019 \/ Muslim societies and \u2018character education\u2019\"\/><\/a><\/div>            <div class=\"td-meta-info-container\">\r\n                <div class=\"td-meta-align\">\r\n                    <div class=\"td-big-grid-meta\">\r\n                        <a href=\"https:\/\/guneydoguasyacalismalari.com\/tr_tr\/category\/gunluk-yazilar\/\" class=\"td-post-category\">G\u00dcNL\u00dcK YAZILAR<\/a>                        <h3 class=\"entry-title td-module-title\"><a href=\"https:\/\/guneydoguasyacalismalari.com\/tr_tr\/musluman-toplumlar-ve-karakter-egitimi-muslim-societies-and-character-education\/\" rel=\"bookmark\" title=\"M\u00fcsl\u00fcman toplumlar ve \u2018karakter e\u011fitimi\u2019 \/ Muslim societies and \u2018character education\u2019\">M\u00fcsl\u00fcman toplumlar ve \u2018karakter e\u011fitimi\u2019 \/ Muslim societies and \u2018character education\u2019<\/a><\/h3>                    <\/div>\r\n                <\/div>\r\n            <\/div>\r\n\r\n        <\/div>\r\n\r\n\r\n        \r\n        <div class=\"td_module_mx6 td-animation-stack td-big-grid-post-4 td-big-grid-post td-small-thumb\">\r\n            <div class=\"td-module-thumb\"><a href=\"https:\/\/guneydoguasyacalismalari.com\/tr_tr\/askeri-ultimatom-ve-degisim-arasinda-iran-iran-between-military-ultimatum-and-change\/\" rel=\"bookmark\" title=\"Askeri \u00fcltimatom ve de\u011fi\u015fim aras\u0131nda \u0130ran \/ Iran: Between military ultimatum and change\"><img loading=\"lazy\" decoding=\"async\" width=\"265\" height=\"183\" class=\"entry-thumb\" src=\"https:\/\/guneydoguasyacalismalari.com\/wp-content\/uploads\/2026\/04\/ultimatom-265x183.jpg\" srcset=\"https:\/\/guneydoguasyacalismalari.com\/wp-content\/uploads\/2026\/04\/ultimatom-265x183.jpg 265w, https:\/\/guneydoguasyacalismalari.com\/wp-content\/uploads\/2026\/04\/ultimatom-18x12.jpg 18w, https:\/\/guneydoguasyacalismalari.com\/wp-content\/uploads\/2026\/04\/ultimatom-100x70.jpg 100w, https:\/\/guneydoguasyacalismalari.com\/wp-content\/uploads\/2026\/04\/ultimatom-218x150.jpg 218w\" sizes=\"auto, (max-width: 265px) 100vw, 265px\" alt=\"Bloomberg News\" title=\"Askeri \u00fcltimatom ve de\u011fi\u015fim aras\u0131nda \u0130ran \/ Iran: Between military ultimatum and change\"\/><\/a><\/div>            <div class=\"td-meta-info-container\">\r\n                <div class=\"td-meta-align\">\r\n                    <div class=\"td-big-grid-meta\">\r\n                        <a href=\"https:\/\/guneydoguasyacalismalari.com\/tr_tr\/category\/gunluk-yazilar\/\" class=\"td-post-category\">G\u00dcNL\u00dcK YAZILAR<\/a>                        <h3 class=\"entry-title td-module-title\"><a href=\"https:\/\/guneydoguasyacalismalari.com\/tr_tr\/askeri-ultimatom-ve-degisim-arasinda-iran-iran-between-military-ultimatum-and-change\/\" rel=\"bookmark\" title=\"Askeri \u00fcltimatom ve de\u011fi\u015fim aras\u0131nda \u0130ran \/ Iran: Between military ultimatum and change\">Askeri \u00fcltimatom ve de\u011fi\u015fim aras\u0131nda \u0130ran \/ Iran: Between military ultimatum and change<\/a><\/h3>                    <\/div>\r\n                <\/div>\r\n            <\/div>\r\n\r\n        <\/div>\r\n\r\n\r\n        <\/div><\/div><div class=\"clearfix\"><\/div><\/div><\/div> <!-- .\/block -->\n","protected":false},"excerpt":{"rendered":"ASYA-PAS\u0130F\u0130K Macaristan, demokrasi ve yenilenme \/ Hungary, democracy and renewal Mehmet Ozay - Nisan 15, 2026 ASYA-PAS\u0130F\u0130K Macaristan se\u00e7imleri: Demokrasi\u2019ye d\u00f6n\u00fc\u015f \/ Hungarian elections: A return to democracy G\u00dcNL\u00dcK YAZILAR M\u00fcsl\u00fcman toplumlar\u0131n hallerine dair: s\u00f6m\u00fcrge modernle\u015fmesi \/ On the condition of Muslim societies: colonial modernization G\u00dcNL\u00dcK YAZILAR M\u00fcsl\u00fcman toplumlar ve \u2018karakter e\u011fitimi\u2019 \/ Muslim societies [...]","protected":false},"author":1,"featured_media":0,"parent":0,"menu_order":0,"comment_status":"open","ping_status":"closed","template":"page-pagebuilder-latest.php","meta":{"footnotes":""},"class_list":["post-36","page","type-page","status-publish","hentry"],"_links":{"self":[{"href":"https:\/\/guneydoguasyacalismalari.com\/tr_tr\/wp-json\/wp\/v2\/pages\/36","targetHints":{"allow":["GET"]}}],"collection":[{"href":"https:\/\/guneydoguasyacalismalari.com\/tr_tr\/wp-json\/wp\/v2\/pages"}],"about":[{"href":"https:\/\/guneydoguasyacalismalari.com\/tr_tr\/wp-json\/wp\/v2\/types\/page"}],"author":[{"embeddable":true,"href":"https:\/\/guneydoguasyacalismalari.com\/tr_tr\/wp-json\/wp\/v2\/users\/1"}],"replies":[{"embeddable":true,"href":"https:\/\/guneydoguasyacalismalari.com\/tr_tr\/wp-json\/wp\/v2\/comments?post=36"}],"version-history":[{"count":77,"href":"https:\/\/guneydoguasyacalismalari.com\/tr_tr\/wp-json\/wp\/v2\/pages\/36\/revisions"}],"predecessor-version":[{"id":2574,"href":"https:\/\/guneydoguasyacalismalari.com\/tr_tr\/wp-json\/wp\/v2\/pages\/36\/revisions\/2574"}],"wp:attachment":[{"href":"https:\/\/guneydoguasyacalismalari.com\/tr_tr\/wp-json\/wp\/v2\/media?parent=36"}],"curies":[{"name":"wp","href":"https:\/\/api.w.org\/{rel}","templated":true}]}}